{"id":190,"date":"2021-03-31T07:43:15","date_gmt":"2021-03-31T07:43:15","guid":{"rendered":"https:\/\/www.cymsjournal.com\/?page_id=190"},"modified":"2024-12-10T13:03:11","modified_gmt":"2024-12-10T13:03:11","slug":"editorial-board-members","status":"publish","type":"page","link":"https:\/\/cymsjournal.com\/index.php\/editorial-board-members\/","title":{"rendered":"Editorial Board Members"},"content":{"rendered":"<div id=\"pl-190\"  class=\"panel-layout\" ><div id=\"pg-190-0\"  class=\"panel-grid panel-no-style\" ><div id=\"pgc-190-0-0\"  class=\"panel-grid-cell\" ><div id=\"panel-190-0-0-0\" class=\"so-panel widget widget_sow-editor panel-first-child panel-last-child\" data-index=\"0\" ><div\n\t\t\t\n\t\t\tclass=\"so-widget-sow-editor so-widget-sow-editor-base\"\n\t\t\t\n\t\t>\n<div class=\"siteorigin-widget-tinymce textwidget\">\n\t<p>&nbsp;<\/p>\n<div><strong>Editor:<\/strong><\/div>\n<div><strong>Gregoris A. Makrides<\/strong><\/div>\n<div><strong>President of Cyprus Mathematical Society<\/strong><\/div>\n<div><strong>Professor of STEAME Education, University of the National Education Commission, Krakow, Poland<\/strong><\/div>\n<div><strong>President of Thales Foundation<\/strong><\/div>\n<div><\/div>\n<p>&nbsp;<\/p>\n<div><strong>Founding Editor:<\/strong><\/div>\n<div><strong>Athanasios Gagatsis<\/strong><\/div>\n<div><strong>Cyprus Mathematical Society<\/strong><\/div>\n<div>\n<p><strong>University of Cyprus<\/strong><\/p>\n<p>&nbsp;<\/p>\n<\/div>\n<div>T. Szemberg, University of the National Education Commission, Krakow, Poland<\/div>\n<p>Br. D'Amore, <em>Universidad Francisco Jos\u00e9 de Caldas, Bogot\u00e1, Colombia ; NRD, Universit\u00e0 di Bologna, Italia.<\/em><br \/>\nS. Anastasiadou, <em>University of Western Macedonia, Greece<\/em><br \/>\nM. Asenova, <em>Nucleo di Ricerca in Didattica della Matematica, Bologna, Italy<\/em><br \/>\nE. Avgerinos, <em>University of the Aegean, Greece<\/em><br \/>\nE. Deliyianni, <em>Cyprus Ministry of Education, Culture, Sport and Youth, Cyprus<\/em><br \/>\nE. Demosthenous, <em>Cyprus Ministry of Education, Culture, Sport and Youth, Cyprus<\/em><br \/>\nI. Elia, <em>University of Cyprus, Cyprus<\/em><br \/>\nM. Iori, <em>Nucleo di Ricerca in Didattica della Matematica, Bologna, Italy<\/em><br \/>\nI. G\u00f3mez-Chac\u00f3n, <em>Universidad Complutense de Madrid, Spain<\/em><br \/>\nS. Grozdev, <em>VUZF University, Bulgaria<\/em><br \/>\nCh. Lemonidis, <em>University of Western Macedonia, Greece<\/em><br \/>\nS. LLinares, <em>University of Alicante, Spain<\/em><br \/>\nE. Nardi, <em>University of East Anglia, UK<\/em><br \/>\nR. Panaoura,<em> Frederick University, Cyprus<\/em><br \/>\nMartha Isabel Fandi\u00f1o Pinilla, <em>NRD, Universit\u00e0 di Bologna, Italia.<\/em><br \/>\nD. Potari, <em>National and Kapodistrian University of Athens, Greece<\/em><br \/>\nL. Radford, <em>Laurentian University, Canada<\/em><br \/>\nG. Santi, <em>University of Bozen-Bolzano, Italy<\/em><br \/>\nP. Spyrou, <em>National and Kapodistrian University of Athens, Greece<\/em><br \/>\nH.C. Szab\u00f3, <em>E\u00f6tv\u00f6s Lor\u00e1nd University, Hungary<\/em><br \/>\nD. Tirosh, <em>University of Tel Aviv, Israel<\/em><br \/>\nL. Verschaffel, <em>KU Leuven, Belgium<\/em><br \/>\nTh. Zachariades, <em>National and Kapodistrian University of Athens, Greece<\/em><\/p>\n<\/div>\n<\/div><\/div><\/div><\/div><\/div>","protected":false},"excerpt":{"rendered":"<p>&nbsp; Editor: Gregoris A. Makrides President of Cyprus Mathematical Society Professor of STEAME Education, University of the National Education Commission, Krakow, Poland President of Thales Foundation &nbsp; Founding Editor: Athanasios&hellip;<a href=\"https:\/\/cymsjournal.com\/index.php\/editorial-board-members\/\" class=\"more-link\"><span class=\"more-button\">Continue reading<span class=\"screen-reader-text\">Editorial Board Members<\/span><\/span><\/a><\/p>\n","protected":false},"author":2,"featured_media":0,"parent":0,"menu_order":0,"comment_status":"closed","ping_status":"closed","template":"templates\/full-width-page.php","meta":{"footnotes":""},"class_list":["post-190","page","type-page","status-publish","hentry"],"_links":{"self":[{"href":"https:\/\/cymsjournal.com\/index.php\/wp-json\/wp\/v2\/pages\/190","targetHints":{"allow":["GET"]}}],"collection":[{"href":"https:\/\/cymsjournal.com\/index.php\/wp-json\/wp\/v2\/pages"}],"about":[{"href":"https:\/\/cymsjournal.com\/index.php\/wp-json\/wp\/v2\/types\/page"}],"author":[{"embeddable":true,"href":"https:\/\/cymsjournal.com\/index.php\/wp-json\/wp\/v2\/users\/2"}],"replies":[{"embeddable":true,"href":"https:\/\/cymsjournal.com\/index.php\/wp-json\/wp\/v2\/comments?post=190"}],"version-history":[{"count":16,"href":"https:\/\/cymsjournal.com\/index.php\/wp-json\/wp\/v2\/pages\/190\/revisions"}],"predecessor-version":[{"id":251,"href":"https:\/\/cymsjournal.com\/index.php\/wp-json\/wp\/v2\/pages\/190\/revisions\/251"}],"wp:attachment":[{"href":"https:\/\/cymsjournal.com\/index.php\/wp-json\/wp\/v2\/media?parent=190"}],"curies":[{"name":"wp","href":"https:\/\/api.w.org\/{rel}","templated":true}]}}